{"id":22696,"date":"2024-05-15T17:54:57","date_gmt":"2024-05-15T17:54:57","guid":{"rendered":"https:\/\/faceplacesalon.ca\/fr\/?post_type=product&#038;p=22696"},"modified":"2024-05-20T21:06:44","modified_gmt":"2024-05-20T21:06:44","slug":"sensiderm-lotion-apaisante","status":"publish","type":"product","link":"https:\/\/www.faceplacesalon.ca\/fr\/produit\/sensiderm-lotion-apaisante\/","title":{"rendered":"Sensiderm Lotion Apaisante"},"content":{"rendered":"","protected":false},"excerpt":{"rendered":"<p>Cette lotion tonifiante et apaisante est sans parfum, sans colorant et sans alcool. Combinant une formule unique de sodium PCA, d&#8217;acides amin\u00e9s et de miel, elle r\u00e9conforte la peau sensible.<\/p>\n<ul>\n<li>R\u00e9duit visiblement les rougeurs.<\/li>\n<li>R\u00e9g\u00e9n\u00e8re et prot\u00e8ge la barri\u00e8re d&#8217;hydratation de la peau.<\/li>\n<li>Aide \u00e0 maximiser les effets des produits de soins de la peau G.M. COLLIN.<\/li>\n<\/ul>\n","protected":false},"featured_media":22697,"comment_status":"open","ping_status":"closed","template":"","meta":[],"product_brand":[],"product_cat":[209],"product_tag":[],"class_list":{"0":"post-22696","1":"product","2":"type-product","3":"status-publish","4":"has-post-thumbnail","6":"product_cat-lotions","8":"first","9":"instock","10":"shipping-taxable","11":"purchasable","12":"product-type-simple"},"_links":{"self":[{"href":"https:\/\/www.faceplacesalon.ca\/fr\/wp-json\/wp\/v2\/product\/22696","targetHints":{"allow":["GET"]}}],"collection":[{"href":"https:\/\/www.faceplacesalon.ca\/fr\/wp-json\/wp\/v2\/product"}],"about":[{"href":"https:\/\/www.faceplacesalon.ca\/fr\/wp-json\/wp\/v2\/types\/product"}],"replies":[{"embeddable":true,"href":"https:\/\/www.faceplacesalon.ca\/fr\/wp-json\/wp\/v2\/comments?post=22696"}],"version-history":[{"count":0,"href":"https:\/\/www.faceplacesalon.ca\/fr\/wp-json\/wp\/v2\/product\/22696\/revisions"}],"wp:featuredmedia":[{"embeddable":true,"href":"https:\/\/www.faceplacesalon.ca\/fr\/wp-json\/wp\/v2\/media\/22697"}],"wp:attachment":[{"href":"https:\/\/www.faceplacesalon.ca\/fr\/wp-json\/wp\/v2\/media?parent=22696"}],"wp:term":[{"taxonomy":"product_brand","embeddable":true,"href":"https:\/\/www.faceplacesalon.ca\/fr\/wp-json\/wp\/v2\/product_brand?post=22696"},{"taxonomy":"product_cat","embeddable":true,"href":"https:\/\/www.faceplacesalon.ca\/fr\/wp-json\/wp\/v2\/product_cat?post=22696"},{"taxonomy":"product_tag","embeddable":true,"href":"https:\/\/www.faceplacesalon.ca\/fr\/wp-json\/wp\/v2\/product_tag?post=22696"}],"curies":[{"name":"wp","href":"https:\/\/api.w.org\/{rel}","templated":true}]}}