{"id":22325,"date":"2024-05-08T21:02:30","date_gmt":"2024-05-08T21:02:30","guid":{"rendered":"https:\/\/faceplacesalon.ca\/fr\/?post_type=product&#038;p=22325"},"modified":"2024-05-16T21:15:45","modified_gmt":"2024-05-16T21:15:45","slug":"puractive-gel-nettoyant","status":"publish","type":"product","link":"https:\/\/www.faceplacesalon.ca\/fr\/produit\/puractive-gel-nettoyant\/","title":{"rendered":"Puractive+ Gel Nettoyant"},"content":{"rendered":"","protected":false},"excerpt":{"rendered":"<p>Ce gel moussant doux, sans parfum et sans alcool \u00e9limine en douceur l&#8217;exc\u00e8s de s\u00e9bum, les impuret\u00e9s et le maquillage tout en respectant le pH physiologique de la peau. Parfait pour les peaux grasses ou \u00e0 tendance acne\u00efque.<\/p>\n<ul>\n<li>Nettoie les pores en profondeur et revigore la peau.<\/li>\n<li>Purifie et affine l&#8217;apparence des pores dilat\u00e9s.<\/li>\n<\/ul>\n","protected":false},"featured_media":22326,"comment_status":"open","ping_status":"closed","template":"","meta":[],"product_brand":[],"product_cat":[207],"product_tag":[],"class_list":{"0":"post-22325","1":"product","2":"type-product","3":"status-publish","4":"has-post-thumbnail","6":"product_cat-nettoyants","8":"first","9":"instock","10":"shipping-taxable","11":"purchasable","12":"product-type-simple"},"_links":{"self":[{"href":"https:\/\/www.faceplacesalon.ca\/fr\/wp-json\/wp\/v2\/product\/22325","targetHints":{"allow":["GET"]}}],"collection":[{"href":"https:\/\/www.faceplacesalon.ca\/fr\/wp-json\/wp\/v2\/product"}],"about":[{"href":"https:\/\/www.faceplacesalon.ca\/fr\/wp-json\/wp\/v2\/types\/product"}],"replies":[{"embeddable":true,"href":"https:\/\/www.faceplacesalon.ca\/fr\/wp-json\/wp\/v2\/comments?post=22325"}],"version-history":[{"count":0,"href":"https:\/\/www.faceplacesalon.ca\/fr\/wp-json\/wp\/v2\/product\/22325\/revisions"}],"wp:featuredmedia":[{"embeddable":true,"href":"https:\/\/www.faceplacesalon.ca\/fr\/wp-json\/wp\/v2\/media\/22326"}],"wp:attachment":[{"href":"https:\/\/www.faceplacesalon.ca\/fr\/wp-json\/wp\/v2\/media?parent=22325"}],"wp:term":[{"taxonomy":"product_brand","embeddable":true,"href":"https:\/\/www.faceplacesalon.ca\/fr\/wp-json\/wp\/v2\/product_brand?post=22325"},{"taxonomy":"product_cat","embeddable":true,"href":"https:\/\/www.faceplacesalon.ca\/fr\/wp-json\/wp\/v2\/product_cat?post=22325"},{"taxonomy":"product_tag","embeddable":true,"href":"https:\/\/www.faceplacesalon.ca\/fr\/wp-json\/wp\/v2\/product_tag?post=22325"}],"curies":[{"name":"wp","href":"https:\/\/api.w.org\/{rel}","templated":true}]}}