{"id":22309,"date":"2024-05-08T20:28:54","date_gmt":"2024-05-08T20:28:54","guid":{"rendered":"https:\/\/faceplacesalon.ca\/fr\/?post_type=product&#038;p=22309"},"modified":"2024-05-16T21:16:07","modified_gmt":"2024-05-16T21:16:07","slug":"vital-c15-serum","status":"publish","type":"product","link":"https:\/\/www.faceplacesalon.ca\/fr\/produit\/vital-c15-serum\/","title":{"rendered":"Vital C15 S\u00e9rum"},"content":{"rendered":"","protected":false},"excerpt":{"rendered":"<p>Cette puissante synergie d&#8217;ingr\u00e9dients tels que la vitamine C, l&#8217;acide f\u00e9rulique, l&#8217;extrait de camu camu et le Matrixyl\u00ae 3000 am\u00e9liore la vitalit\u00e9 et l&#8217;uniformit\u00e9 de la peau.<\/p>\n<ul>\n<li>Offre une protection globale contre les facteurs de stress environnementaux.<\/li>\n<li>Renouvelle l&#8217;\u00e9clat de la peau.<\/li>\n<li>Am\u00e9liore visiblement l&#8217;\u00e9lasticit\u00e9 et la tonicit\u00e9 de la peau.<\/li>\n<li>Am\u00e9liore la texture de la peau.<\/li>\n<li>R\u00e9duit visiblement l&#8217;apparence des rides et des ridules.<\/li>\n<\/ul>\n","protected":false},"featured_media":22310,"comment_status":"open","ping_status":"closed","template":"","meta":[],"product_brand":[],"product_cat":[216],"product_tag":[],"class_list":{"0":"post-22309","1":"product","2":"type-product","3":"status-publish","4":"has-post-thumbnail","6":"product_cat-lignes-dexpression-visibles","8":"first","9":"instock","10":"shipping-taxable","11":"purchasable","12":"product-type-simple"},"_links":{"self":[{"href":"https:\/\/www.faceplacesalon.ca\/fr\/wp-json\/wp\/v2\/product\/22309","targetHints":{"allow":["GET"]}}],"collection":[{"href":"https:\/\/www.faceplacesalon.ca\/fr\/wp-json\/wp\/v2\/product"}],"about":[{"href":"https:\/\/www.faceplacesalon.ca\/fr\/wp-json\/wp\/v2\/types\/product"}],"replies":[{"embeddable":true,"href":"https:\/\/www.faceplacesalon.ca\/fr\/wp-json\/wp\/v2\/comments?post=22309"}],"version-history":[{"count":0,"href":"https:\/\/www.faceplacesalon.ca\/fr\/wp-json\/wp\/v2\/product\/22309\/revisions"}],"wp:featuredmedia":[{"embeddable":true,"href":"https:\/\/www.faceplacesalon.ca\/fr\/wp-json\/wp\/v2\/media\/22310"}],"wp:attachment":[{"href":"https:\/\/www.faceplacesalon.ca\/fr\/wp-json\/wp\/v2\/media?parent=22309"}],"wp:term":[{"taxonomy":"product_brand","embeddable":true,"href":"https:\/\/www.faceplacesalon.ca\/fr\/wp-json\/wp\/v2\/product_brand?post=22309"},{"taxonomy":"product_cat","embeddable":true,"href":"https:\/\/www.faceplacesalon.ca\/fr\/wp-json\/wp\/v2\/product_cat?post=22309"},{"taxonomy":"product_tag","embeddable":true,"href":"https:\/\/www.faceplacesalon.ca\/fr\/wp-json\/wp\/v2\/product_tag?post=22309"}],"curies":[{"name":"wp","href":"https:\/\/api.w.org\/{rel}","templated":true}]}}