{"id":22307,"date":"2024-05-08T20:37:41","date_gmt":"2024-05-08T20:37:41","guid":{"rendered":"https:\/\/faceplacesalon.ca\/fr\/?post_type=product&#038;p=22307"},"modified":"2024-05-16T21:15:58","modified_gmt":"2024-05-16T21:15:58","slug":"bota-peptides-contour-yeux-anti-age","status":"publish","type":"product","link":"https:\/\/www.faceplacesalon.ca\/fr\/produit\/bota-peptides-contour-yeux-anti-age\/","title":{"rendered":"Bota-Peptides Contour Yeux Anti-\u00e2ge"},"content":{"rendered":"","protected":false},"excerpt":{"rendered":"<p>Formul\u00e9 avec un cocktail de 6 peptides, Eyeliss\u2122M, Haloxy|\u2122 et caf\u00e9ine pour r\u00e9duire visiblement les rides d&#8217;expression, cette cr\u00e8me \u00e9nergisante pour les yeux offre une solution 4 en 1.<\/p>\n<ul>\n<li>R\u00e9duit l&#8217;apparence des rides d&#8217;expression, des ridules, des cernes et des poches, tout en pr\u00e9venant visiblement les signes du vieillissement.<\/li>\n<li>Revitalise et tonifie la peau tout en l&#8217;hydratant.<\/li>\n<li>Am\u00e9liore l&#8217;aspect g\u00e9n\u00e9ral du contour des yeux.<\/li>\n<\/ul>\n","protected":false},"featured_media":22312,"comment_status":"open","ping_status":"closed","template":"","meta":[],"product_brand":[],"product_cat":[216],"product_tag":[],"class_list":{"0":"post-22307","1":"product","2":"type-product","3":"status-publish","4":"has-post-thumbnail","6":"product_cat-lignes-dexpression-visibles","8":"first","9":"instock","10":"shipping-taxable","11":"purchasable","12":"product-type-simple"},"_links":{"self":[{"href":"https:\/\/www.faceplacesalon.ca\/fr\/wp-json\/wp\/v2\/product\/22307","targetHints":{"allow":["GET"]}}],"collection":[{"href":"https:\/\/www.faceplacesalon.ca\/fr\/wp-json\/wp\/v2\/product"}],"about":[{"href":"https:\/\/www.faceplacesalon.ca\/fr\/wp-json\/wp\/v2\/types\/product"}],"replies":[{"embeddable":true,"href":"https:\/\/www.faceplacesalon.ca\/fr\/wp-json\/wp\/v2\/comments?post=22307"}],"version-history":[{"count":0,"href":"https:\/\/www.faceplacesalon.ca\/fr\/wp-json\/wp\/v2\/product\/22307\/revisions"}],"wp:featuredmedia":[{"embeddable":true,"href":"https:\/\/www.faceplacesalon.ca\/fr\/wp-json\/wp\/v2\/media\/22312"}],"wp:attachment":[{"href":"https:\/\/www.faceplacesalon.ca\/fr\/wp-json\/wp\/v2\/media?parent=22307"}],"wp:term":[{"taxonomy":"product_brand","embeddable":true,"href":"https:\/\/www.faceplacesalon.ca\/fr\/wp-json\/wp\/v2\/product_brand?post=22307"},{"taxonomy":"product_cat","embeddable":true,"href":"https:\/\/www.faceplacesalon.ca\/fr\/wp-json\/wp\/v2\/product_cat?post=22307"},{"taxonomy":"product_tag","embeddable":true,"href":"https:\/\/www.faceplacesalon.ca\/fr\/wp-json\/wp\/v2\/product_tag?post=22307"}],"curies":[{"name":"wp","href":"https:\/\/api.w.org\/{rel}","templated":true}]}}