{"id":22304,"date":"2024-05-08T20:08:55","date_gmt":"2024-05-08T20:08:55","guid":{"rendered":"https:\/\/faceplacesalon.ca\/fr\/?post_type=product&#038;p=22304"},"modified":"2024-05-16T21:16:14","modified_gmt":"2024-05-16T21:16:14","slug":"hydramucine-lait-nettoyant","status":"publish","type":"product","link":"https:\/\/www.faceplacesalon.ca\/fr\/produit\/hydramucine-lait-nettoyant\/","title":{"rendered":"Hydramucine Lait Nettoyant"},"content":{"rendered":"","protected":false},"excerpt":{"rendered":"<p>Con\u00e7ue pour hydrater les peaux normales \u00e0 s\u00e8ches pr\u00e9sentant des signes de d\u00e9shydratation, cette creme \u00e0 la texture riche et velout\u00e9e est formul\u00e9e avec un complexe v\u00e9g\u00e9tal pour augmenter l&#8217;hydratation et la protection des lipides.<\/p>\n<ul>\n<li>Hydrate la peau pour que le teint soit revitalis\u00e9.<\/li>\n<li>R\u00e9g\u00e9n\u00e8re et prot\u00e8ge la barri\u00e8re d&#8217;hydratation de la peau.<\/li>\n<li>Renforce, fortifie et raffermit la peau gr\u00e2ce \u00e0 l\u2019hydratation.<\/li>\n<\/ul>\n","protected":false},"featured_media":22305,"comment_status":"open","ping_status":"closed","template":"","meta":[],"product_brand":[],"product_cat":[207],"product_tag":[],"class_list":{"0":"post-22304","1":"product","2":"type-product","3":"status-publish","4":"has-post-thumbnail","6":"product_cat-nettoyants","8":"first","9":"instock","10":"shipping-taxable","11":"purchasable","12":"product-type-simple"},"_links":{"self":[{"href":"https:\/\/www.faceplacesalon.ca\/fr\/wp-json\/wp\/v2\/product\/22304","targetHints":{"allow":["GET"]}}],"collection":[{"href":"https:\/\/www.faceplacesalon.ca\/fr\/wp-json\/wp\/v2\/product"}],"about":[{"href":"https:\/\/www.faceplacesalon.ca\/fr\/wp-json\/wp\/v2\/types\/product"}],"replies":[{"embeddable":true,"href":"https:\/\/www.faceplacesalon.ca\/fr\/wp-json\/wp\/v2\/comments?post=22304"}],"version-history":[{"count":0,"href":"https:\/\/www.faceplacesalon.ca\/fr\/wp-json\/wp\/v2\/product\/22304\/revisions"}],"wp:featuredmedia":[{"embeddable":true,"href":"https:\/\/www.faceplacesalon.ca\/fr\/wp-json\/wp\/v2\/media\/22305"}],"wp:attachment":[{"href":"https:\/\/www.faceplacesalon.ca\/fr\/wp-json\/wp\/v2\/media?parent=22304"}],"wp:term":[{"taxonomy":"product_brand","embeddable":true,"href":"https:\/\/www.faceplacesalon.ca\/fr\/wp-json\/wp\/v2\/product_brand?post=22304"},{"taxonomy":"product_cat","embeddable":true,"href":"https:\/\/www.faceplacesalon.ca\/fr\/wp-json\/wp\/v2\/product_cat?post=22304"},{"taxonomy":"product_tag","embeddable":true,"href":"https:\/\/www.faceplacesalon.ca\/fr\/wp-json\/wp\/v2\/product_tag?post=22304"}],"curies":[{"name":"wp","href":"https:\/\/api.w.org\/{rel}","templated":true}]}}