{"id":22289,"date":"2024-05-06T23:10:33","date_gmt":"2024-05-06T23:10:33","guid":{"rendered":"https:\/\/faceplacesalon.ca\/fr\/?post_type=product&#038;p=22289"},"modified":"2024-05-16T21:16:24","modified_gmt":"2024-05-16T21:16:24","slug":"mature-perfection-creme-de-nuit","status":"publish","type":"product","link":"https:\/\/www.faceplacesalon.ca\/fr\/produit\/mature-perfection-creme-de-nuit\/","title":{"rendered":"Mature Perfection Cr\u00e8me De Nuit"},"content":{"rendered":"","protected":false},"excerpt":{"rendered":"<p>Formul\u00e9e avec des ingr\u00e9dients naturels, des peptides et des c\u00e9ramides, cette cr\u00e8me de nuit a \u00e9t\u00e9 sp\u00e9cifiquement d\u00e9velopp\u00e9e pour les peaux matures affect\u00e9es par la s\u00e9cheresse, le teint terne, le rel\u00e2chement cutan\u00e9, les rides et les ridules.<\/p>\n<ul>\n<li>Repulpe et revitalise visiblement la peau.<\/li>\n<li>Lisse et affine les rugosit\u00e9s de la peau.<\/li>\n<li>Illumine le teint.<\/li>\n<li>Hydrate et nourrit la peau.<\/li>\n<\/ul>\n","protected":false},"featured_media":22286,"comment_status":"open","ping_status":"closed","template":"","meta":[],"product_brand":[],"product_cat":[220],"product_tag":[],"class_list":{"0":"post-22289","1":"product","2":"type-product","3":"status-publish","4":"has-post-thumbnail","6":"product_cat-peau-mature","8":"first","9":"instock","10":"shipping-taxable","11":"purchasable","12":"product-type-simple"},"_links":{"self":[{"href":"https:\/\/www.faceplacesalon.ca\/fr\/wp-json\/wp\/v2\/product\/22289","targetHints":{"allow":["GET"]}}],"collection":[{"href":"https:\/\/www.faceplacesalon.ca\/fr\/wp-json\/wp\/v2\/product"}],"about":[{"href":"https:\/\/www.faceplacesalon.ca\/fr\/wp-json\/wp\/v2\/types\/product"}],"replies":[{"embeddable":true,"href":"https:\/\/www.faceplacesalon.ca\/fr\/wp-json\/wp\/v2\/comments?post=22289"}],"version-history":[{"count":0,"href":"https:\/\/www.faceplacesalon.ca\/fr\/wp-json\/wp\/v2\/product\/22289\/revisions"}],"wp:featuredmedia":[{"embeddable":true,"href":"https:\/\/www.faceplacesalon.ca\/fr\/wp-json\/wp\/v2\/media\/22286"}],"wp:attachment":[{"href":"https:\/\/www.faceplacesalon.ca\/fr\/wp-json\/wp\/v2\/media?parent=22289"}],"wp:term":[{"taxonomy":"product_brand","embeddable":true,"href":"https:\/\/www.faceplacesalon.ca\/fr\/wp-json\/wp\/v2\/product_brand?post=22289"},{"taxonomy":"product_cat","embeddable":true,"href":"https:\/\/www.faceplacesalon.ca\/fr\/wp-json\/wp\/v2\/product_cat?post=22289"},{"taxonomy":"product_tag","embeddable":true,"href":"https:\/\/www.faceplacesalon.ca\/fr\/wp-json\/wp\/v2\/product_tag?post=22289"}],"curies":[{"name":"wp","href":"https:\/\/api.w.org\/{rel}","templated":true}]}}