{"id":22282,"date":"2024-05-06T23:06:46","date_gmt":"2024-05-06T23:06:46","guid":{"rendered":"https:\/\/faceplacesalon.ca\/fr\/?post_type=product&#038;p=22282"},"modified":"2024-05-16T21:16:33","modified_gmt":"2024-05-16T21:16:33","slug":"mature-perfection-creme-de-jour","status":"publish","type":"product","link":"https:\/\/www.faceplacesalon.ca\/fr\/produit\/mature-perfection-creme-de-jour\/","title":{"rendered":"Mature Perfection Cr\u00e8me De Jour"},"content":{"rendered":"","protected":false},"excerpt":{"rendered":"<p>Formul\u00e9 \u00e0 base d&#8217;ingr\u00e9dients naturels et de peptides, ce s\u00e9rum a \u00e9t\u00e9 sp\u00e9cifiquement d\u00e9velopp\u00e9 pour les peaux matures affect\u00e9es par la s\u00e9cheresse, le teint terne, le rel\u00e2chement cutan\u00e9, les rides et les ridules.<\/p>\n<ul>\n<li>Am\u00e9liore visiblement l&#8217;architecture et la structure de la peau.<\/li>\n<li>Am\u00e9liore le tonus et l&#8217;\u00e9lasticit\u00e9 de la peau.<\/li>\n<li>R\u00e9duit visiblement les rides et les ridules.<\/li>\n<li>Aide la peau \u00e0 retrouver son confort, sa vitalit\u00e9 et son apparence de jeunesse.<\/li>\n<\/ul>\n","protected":false},"featured_media":22288,"comment_status":"open","ping_status":"closed","template":"","meta":[],"product_brand":[],"product_cat":[220],"product_tag":[],"class_list":{"0":"post-22282","1":"product","2":"type-product","3":"status-publish","4":"has-post-thumbnail","6":"product_cat-peau-mature","8":"first","9":"instock","10":"shipping-taxable","11":"purchasable","12":"product-type-simple"},"_links":{"self":[{"href":"https:\/\/www.faceplacesalon.ca\/fr\/wp-json\/wp\/v2\/product\/22282","targetHints":{"allow":["GET"]}}],"collection":[{"href":"https:\/\/www.faceplacesalon.ca\/fr\/wp-json\/wp\/v2\/product"}],"about":[{"href":"https:\/\/www.faceplacesalon.ca\/fr\/wp-json\/wp\/v2\/types\/product"}],"replies":[{"embeddable":true,"href":"https:\/\/www.faceplacesalon.ca\/fr\/wp-json\/wp\/v2\/comments?post=22282"}],"version-history":[{"count":0,"href":"https:\/\/www.faceplacesalon.ca\/fr\/wp-json\/wp\/v2\/product\/22282\/revisions"}],"wp:featuredmedia":[{"embeddable":true,"href":"https:\/\/www.faceplacesalon.ca\/fr\/wp-json\/wp\/v2\/media\/22288"}],"wp:attachment":[{"href":"https:\/\/www.faceplacesalon.ca\/fr\/wp-json\/wp\/v2\/media?parent=22282"}],"wp:term":[{"taxonomy":"product_brand","embeddable":true,"href":"https:\/\/www.faceplacesalon.ca\/fr\/wp-json\/wp\/v2\/product_brand?post=22282"},{"taxonomy":"product_cat","embeddable":true,"href":"https:\/\/www.faceplacesalon.ca\/fr\/wp-json\/wp\/v2\/product_cat?post=22282"},{"taxonomy":"product_tag","embeddable":true,"href":"https:\/\/www.faceplacesalon.ca\/fr\/wp-json\/wp\/v2\/product_tag?post=22282"}],"curies":[{"name":"wp","href":"https:\/\/api.w.org\/{rel}","templated":true}]}}