{"id":22278,"date":"2024-05-06T23:00:56","date_gmt":"2024-05-06T23:00:56","guid":{"rendered":"https:\/\/faceplacesalon.ca\/fr\/?post_type=product&#038;p=22278"},"modified":"2024-05-16T21:16:49","modified_gmt":"2024-05-16T21:16:49","slug":"4d-visible-lifting-serum-cou-et-decolte","status":"publish","type":"product","link":"https:\/\/www.faceplacesalon.ca\/fr\/produit\/4d-visible-lifting-serum-cou-et-decolte\/","title":{"rendered":"4D Visible Lifting S\u00e9rum Cou Et D\u00e9colt\u00e9"},"content":{"rendered":"","protected":false},"excerpt":{"rendered":"<p>Sp\u00e9cifiquement cr\u00e9\u00e9 et cliniquement prouv\u00e9 pour cibler la peau fragile du cou et du d\u00e9collet\u00e9, et pour r\u00e9duire visiblement les signes de vieillissement pr\u00e9matur\u00e9 de cette zone d\u00e9licate.<\/p>\n<ul>\n<li>Am\u00e9liore la fermet\u00e9 et l&#8217;\u00e9lasticit\u00e9 de la peau d\u00e9licate du cou et du d\u00e9collet\u00e9.<\/li>\n<li>Lisse visiblement les lignes horizontales du cou.<\/li>\n<li>Aide \u00e0 red\u00e9finir visiblement et instantan\u00e9ment la peau affaiss\u00e9e.<\/li>\n<li>R\u00e9duit l&#8217;apparence des rides tout en am\u00e9liorant la texture de la peau.<\/li>\n<\/ul>\n","protected":false},"featured_media":22279,"comment_status":"open","ping_status":"closed","template":"","meta":[],"product_brand":[],"product_cat":[219],"product_tag":[],"class_list":{"0":"post-22278","1":"product","2":"type-product","3":"status-publish","4":"has-post-thumbnail","6":"product_cat-visiblement-raffermissant-et-liftant","8":"first","9":"instock","10":"shipping-taxable","11":"purchasable","12":"product-type-simple"},"_links":{"self":[{"href":"https:\/\/www.faceplacesalon.ca\/fr\/wp-json\/wp\/v2\/product\/22278","targetHints":{"allow":["GET"]}}],"collection":[{"href":"https:\/\/www.faceplacesalon.ca\/fr\/wp-json\/wp\/v2\/product"}],"about":[{"href":"https:\/\/www.faceplacesalon.ca\/fr\/wp-json\/wp\/v2\/types\/product"}],"replies":[{"embeddable":true,"href":"https:\/\/www.faceplacesalon.ca\/fr\/wp-json\/wp\/v2\/comments?post=22278"}],"version-history":[{"count":0,"href":"https:\/\/www.faceplacesalon.ca\/fr\/wp-json\/wp\/v2\/product\/22278\/revisions"}],"wp:featuredmedia":[{"embeddable":true,"href":"https:\/\/www.faceplacesalon.ca\/fr\/wp-json\/wp\/v2\/media\/22279"}],"wp:attachment":[{"href":"https:\/\/www.faceplacesalon.ca\/fr\/wp-json\/wp\/v2\/media?parent=22278"}],"wp:term":[{"taxonomy":"product_brand","embeddable":true,"href":"https:\/\/www.faceplacesalon.ca\/fr\/wp-json\/wp\/v2\/product_brand?post=22278"},{"taxonomy":"product_cat","embeddable":true,"href":"https:\/\/www.faceplacesalon.ca\/fr\/wp-json\/wp\/v2\/product_cat?post=22278"},{"taxonomy":"product_tag","embeddable":true,"href":"https:\/\/www.faceplacesalon.ca\/fr\/wp-json\/wp\/v2\/product_tag?post=22278"}],"curies":[{"name":"wp","href":"https:\/\/api.w.org\/{rel}","templated":true}]}}