{"id":22275,"date":"2024-05-06T22:56:25","date_gmt":"2024-05-06T22:56:25","guid":{"rendered":"https:\/\/faceplacesalon.ca\/fr\/?post_type=product&#038;p=22275"},"modified":"2024-05-16T21:16:58","modified_gmt":"2024-05-16T21:16:58","slug":"phyto-stem-cell-contour-yeux","status":"publish","type":"product","link":"https:\/\/www.faceplacesalon.ca\/fr\/produit\/phyto-stem-cell-contour-yeux\/","title":{"rendered":"Phyto-Stem Cell Contour Yeux"},"content":{"rendered":"","protected":false},"excerpt":{"rendered":"<p>Cr\u00e9\u00e9 \u00e0 partir d&#8217;une fusion technologique de cellules souches v\u00e9g\u00e9tales et de peptides, cette cr\u00e8me contour des yeux aide \u00e0 pr\u00e9server la jeunesse du regard tout en contribuant \u00e0 r\u00e9duire les signes du vieillissement.<\/p>\n<p>Sa texture divine est id\u00e9ale pour hydrater et apaiser la peau s\u00e8che et d\u00e9licate du contour des yeux.<\/p>\n<ul>\n<li>Am\u00e9liore visiblement la fermet\u00e9 et l&#8217;apparence des cernes, des poches, des rides et des ridules.<\/li>\n<li>Raffermit visiblement la peau.<\/li>\n<li>Prot\u00e8ge la peau des facteurs de stress environnementaux.<\/li>\n<\/ul>\n","protected":false},"featured_media":22276,"comment_status":"open","ping_status":"closed","template":"","meta":[],"product_brand":[],"product_cat":[218],"product_tag":[],"class_list":{"0":"post-22275","1":"product","2":"type-product","3":"status-publish","4":"has-post-thumbnail","6":"product_cat-revitalisation-de-la-peau","8":"first","9":"instock","10":"shipping-taxable","11":"purchasable","12":"product-type-simple"},"_links":{"self":[{"href":"https:\/\/www.faceplacesalon.ca\/fr\/wp-json\/wp\/v2\/product\/22275","targetHints":{"allow":["GET"]}}],"collection":[{"href":"https:\/\/www.faceplacesalon.ca\/fr\/wp-json\/wp\/v2\/product"}],"about":[{"href":"https:\/\/www.faceplacesalon.ca\/fr\/wp-json\/wp\/v2\/types\/product"}],"replies":[{"embeddable":true,"href":"https:\/\/www.faceplacesalon.ca\/fr\/wp-json\/wp\/v2\/comments?post=22275"}],"version-history":[{"count":0,"href":"https:\/\/www.faceplacesalon.ca\/fr\/wp-json\/wp\/v2\/product\/22275\/revisions"}],"wp:featuredmedia":[{"embeddable":true,"href":"https:\/\/www.faceplacesalon.ca\/fr\/wp-json\/wp\/v2\/media\/22276"}],"wp:attachment":[{"href":"https:\/\/www.faceplacesalon.ca\/fr\/wp-json\/wp\/v2\/media?parent=22275"}],"wp:term":[{"taxonomy":"product_brand","embeddable":true,"href":"https:\/\/www.faceplacesalon.ca\/fr\/wp-json\/wp\/v2\/product_brand?post=22275"},{"taxonomy":"product_cat","embeddable":true,"href":"https:\/\/www.faceplacesalon.ca\/fr\/wp-json\/wp\/v2\/product_cat?post=22275"},{"taxonomy":"product_tag","embeddable":true,"href":"https:\/\/www.faceplacesalon.ca\/fr\/wp-json\/wp\/v2\/product_tag?post=22275"}],"curies":[{"name":"wp","href":"https:\/\/api.w.org\/{rel}","templated":true}]}}