{"id":22273,"date":"2024-05-06T22:54:04","date_gmt":"2024-05-06T22:54:04","guid":{"rendered":"https:\/\/faceplacesalon.ca\/fr\/?post_type=product&#038;p=22273"},"modified":"2024-05-16T21:17:06","modified_gmt":"2024-05-16T21:17:06","slug":"phyto-stem-cell-creme","status":"publish","type":"product","link":"https:\/\/www.faceplacesalon.ca\/fr\/produit\/phyto-stem-cell-creme\/","title":{"rendered":"Phyto Stem Cell Cr\u00e8me"},"content":{"rendered":"","protected":false},"excerpt":{"rendered":"<p>Cr\u00e9\u00e9 \u00e0 partir d&#8217;une fusion technologique de cellules souches v\u00e9g\u00e9tales et de peptides, cette cr\u00e8me anti-\u00e2ge \u00e0 texture lisse enveloppe d\u00e9licatement la peau pour lui apporter hydratation et confort. Sa formule innovante redonne \u00e0 la peau sa vitalit\u00e9 tout en aidant \u00e0 r\u00e9duire les signes du vieillissement.<\/p>\n<ul>\n<li>Raffermit visiblement l&#8217;\u00e9lasticit\u00e9 de la peau.<\/li>\n<li>R\u00e9duit l&#8217;apparence des rides et des ridules pour une peau d&#8217;apparence plus jeune.<\/li>\n<li>Am\u00e9liore la texture de la peau tout en lui apportant de la douceur.<\/li>\n<li>Prot\u00e8ge la peau des facteurs de stress environnementaux.<\/li>\n<\/ul>\n","protected":false},"featured_media":22270,"comment_status":"open","ping_status":"closed","template":"","meta":[],"product_brand":[],"product_cat":[218],"product_tag":[],"class_list":{"0":"post-22273","1":"product","2":"type-product","3":"status-publish","4":"has-post-thumbnail","6":"product_cat-revitalisation-de-la-peau","8":"first","9":"instock","10":"shipping-taxable","11":"purchasable","12":"product-type-simple"},"_links":{"self":[{"href":"https:\/\/www.faceplacesalon.ca\/fr\/wp-json\/wp\/v2\/product\/22273","targetHints":{"allow":["GET"]}}],"collection":[{"href":"https:\/\/www.faceplacesalon.ca\/fr\/wp-json\/wp\/v2\/product"}],"about":[{"href":"https:\/\/www.faceplacesalon.ca\/fr\/wp-json\/wp\/v2\/types\/product"}],"replies":[{"embeddable":true,"href":"https:\/\/www.faceplacesalon.ca\/fr\/wp-json\/wp\/v2\/comments?post=22273"}],"version-history":[{"count":0,"href":"https:\/\/www.faceplacesalon.ca\/fr\/wp-json\/wp\/v2\/product\/22273\/revisions"}],"wp:featuredmedia":[{"embeddable":true,"href":"https:\/\/www.faceplacesalon.ca\/fr\/wp-json\/wp\/v2\/media\/22270"}],"wp:attachment":[{"href":"https:\/\/www.faceplacesalon.ca\/fr\/wp-json\/wp\/v2\/media?parent=22273"}],"wp:term":[{"taxonomy":"product_brand","embeddable":true,"href":"https:\/\/www.faceplacesalon.ca\/fr\/wp-json\/wp\/v2\/product_brand?post=22273"},{"taxonomy":"product_cat","embeddable":true,"href":"https:\/\/www.faceplacesalon.ca\/fr\/wp-json\/wp\/v2\/product_cat?post=22273"},{"taxonomy":"product_tag","embeddable":true,"href":"https:\/\/www.faceplacesalon.ca\/fr\/wp-json\/wp\/v2\/product_tag?post=22273"}],"curies":[{"name":"wp","href":"https:\/\/api.w.org\/{rel}","templated":true}]}}