{"id":22269,"date":"2024-05-06T22:51:01","date_gmt":"2024-05-06T22:51:01","guid":{"rendered":"https:\/\/faceplacesalon.ca\/fr\/?post_type=product&#038;p=22269"},"modified":"2024-05-16T21:17:17","modified_gmt":"2024-05-16T21:17:17","slug":"phyto-stem-cell-serum","status":"publish","type":"product","link":"https:\/\/www.faceplacesalon.ca\/fr\/produit\/phyto-stem-cell-serum\/","title":{"rendered":"Phyto Stem Cell S\u00e9rum"},"content":{"rendered":"","protected":false},"excerpt":{"rendered":"<p>Cr\u00e9\u00e9 \u00e0 partir d&#8217;une combinaison technologique de cellules souches v\u00e9g\u00e9tales et de peptides, ce s\u00e9rum \u00e0 la texture soyeuse favorise la revitalisation de la peau tout en aidant \u00e0 r\u00e9duire les signes du vieillissement.<\/p>\n<ul>\n<li>Minimise l&#8217;apparence des rides et des ridules.<\/li>\n<li>\u00c9claircit le teint et r\u00e9v\u00e8le une texture de peau plus lisse et plus douce.<\/li>\n<li>Raffermit visiblement la peau.<\/li>\n<li>Prot\u00e8ge la peau des facteurs de stress environnementaux.<\/li>\n<\/ul>\n","protected":false},"featured_media":22272,"comment_status":"open","ping_status":"closed","template":"","meta":[],"product_brand":[],"product_cat":[218],"product_tag":[],"class_list":{"0":"post-22269","1":"product","2":"type-product","3":"status-publish","4":"has-post-thumbnail","6":"product_cat-revitalisation-de-la-peau","8":"first","9":"instock","10":"shipping-taxable","11":"purchasable","12":"product-type-simple"},"_links":{"self":[{"href":"https:\/\/www.faceplacesalon.ca\/fr\/wp-json\/wp\/v2\/product\/22269","targetHints":{"allow":["GET"]}}],"collection":[{"href":"https:\/\/www.faceplacesalon.ca\/fr\/wp-json\/wp\/v2\/product"}],"about":[{"href":"https:\/\/www.faceplacesalon.ca\/fr\/wp-json\/wp\/v2\/types\/product"}],"replies":[{"embeddable":true,"href":"https:\/\/www.faceplacesalon.ca\/fr\/wp-json\/wp\/v2\/comments?post=22269"}],"version-history":[{"count":0,"href":"https:\/\/www.faceplacesalon.ca\/fr\/wp-json\/wp\/v2\/product\/22269\/revisions"}],"wp:featuredmedia":[{"embeddable":true,"href":"https:\/\/www.faceplacesalon.ca\/fr\/wp-json\/wp\/v2\/media\/22272"}],"wp:attachment":[{"href":"https:\/\/www.faceplacesalon.ca\/fr\/wp-json\/wp\/v2\/media?parent=22269"}],"wp:term":[{"taxonomy":"product_brand","embeddable":true,"href":"https:\/\/www.faceplacesalon.ca\/fr\/wp-json\/wp\/v2\/product_brand?post=22269"},{"taxonomy":"product_cat","embeddable":true,"href":"https:\/\/www.faceplacesalon.ca\/fr\/wp-json\/wp\/v2\/product_cat?post=22269"},{"taxonomy":"product_tag","embeddable":true,"href":"https:\/\/www.faceplacesalon.ca\/fr\/wp-json\/wp\/v2\/product_tag?post=22269"}],"curies":[{"name":"wp","href":"https:\/\/api.w.org\/{rel}","templated":true}]}}