{"id":22264,"date":"2024-05-06T22:45:15","date_gmt":"2024-05-06T22:45:15","guid":{"rendered":"https:\/\/faceplacesalon.ca\/fr\/?post_type=product&#038;p=22264"},"modified":"2024-05-16T21:17:34","modified_gmt":"2024-05-16T21:17:34","slug":"derm-renewal-booster","status":"publish","type":"product","link":"https:\/\/www.faceplacesalon.ca\/fr\/produit\/derm-renewal-booster\/","title":{"rendered":"Derm Renewal Booster"},"content":{"rendered":"","protected":false},"excerpt":{"rendered":"<p>Formul\u00e9 pour le teint terne et fatigu\u00e9, ce puissant s\u00e9rum contenant 10 % d&#8217;AHA aide \u00e0 r\u00e9v\u00e9ler une nouvelle couche de peau pour un teint plus \u00e9clatant et impeccable.<\/p>\n<ul>\n<li>Affine visiblement le grain de peau, am\u00e9liore sa clart\u00e9 et resserre les pores.<\/li>\n<li>R\u00e9v\u00e8le une peau rafra\u00eechie et radieuse.<\/li>\n<li>R\u00e9duit l&#8217;apparence des rides et des ridules.<\/li>\n<\/ul>\n","protected":false},"featured_media":22267,"comment_status":"open","ping_status":"closed","template":"","meta":[],"product_brand":[],"product_cat":[217],"product_tag":[],"class_list":{"0":"post-22264","1":"product","2":"type-product","3":"status-publish","4":"has-post-thumbnail","6":"product_cat-renouvellement-de-la-peau","8":"first","9":"instock","10":"shipping-taxable","11":"purchasable","12":"product-type-simple"},"_links":{"self":[{"href":"https:\/\/www.faceplacesalon.ca\/fr\/wp-json\/wp\/v2\/product\/22264","targetHints":{"allow":["GET"]}}],"collection":[{"href":"https:\/\/www.faceplacesalon.ca\/fr\/wp-json\/wp\/v2\/product"}],"about":[{"href":"https:\/\/www.faceplacesalon.ca\/fr\/wp-json\/wp\/v2\/types\/product"}],"replies":[{"embeddable":true,"href":"https:\/\/www.faceplacesalon.ca\/fr\/wp-json\/wp\/v2\/comments?post=22264"}],"version-history":[{"count":0,"href":"https:\/\/www.faceplacesalon.ca\/fr\/wp-json\/wp\/v2\/product\/22264\/revisions"}],"wp:featuredmedia":[{"embeddable":true,"href":"https:\/\/www.faceplacesalon.ca\/fr\/wp-json\/wp\/v2\/media\/22267"}],"wp:attachment":[{"href":"https:\/\/www.faceplacesalon.ca\/fr\/wp-json\/wp\/v2\/media?parent=22264"}],"wp:term":[{"taxonomy":"product_brand","embeddable":true,"href":"https:\/\/www.faceplacesalon.ca\/fr\/wp-json\/wp\/v2\/product_brand?post=22264"},{"taxonomy":"product_cat","embeddable":true,"href":"https:\/\/www.faceplacesalon.ca\/fr\/wp-json\/wp\/v2\/product_cat?post=22264"},{"taxonomy":"product_tag","embeddable":true,"href":"https:\/\/www.faceplacesalon.ca\/fr\/wp-json\/wp\/v2\/product_tag?post=22264"}],"curies":[{"name":"wp","href":"https:\/\/api.w.org\/{rel}","templated":true}]}}