{"id":22240,"date":"2024-05-06T22:48:00","date_gmt":"2024-05-06T22:48:00","guid":{"rendered":"https:\/\/faceplacesalon.ca\/fr\/?post_type=product&#038;p=22240"},"modified":"2024-05-16T21:17:26","modified_gmt":"2024-05-16T21:17:26","slug":"retinol-adcanved-creme-de-nuit","status":"publish","type":"product","link":"https:\/\/www.faceplacesalon.ca\/fr\/produit\/retinol-adcanved-creme-de-nuit\/","title":{"rendered":"Retinol Adcanved+ Cr\u00e8me De Nuit"},"content":{"rendered":"","protected":false},"excerpt":{"rendered":"<p>D\u00e9velopp\u00e9e pour retexturiser la peau et combattre les effets du vieillissement, cette cr\u00e8me de nuit \u00e0 la texture velout\u00e9e est formul\u00e9e avec un syst\u00e8me innovant de lib\u00e9ration graduelle du r\u00e9tinol.<\/p>\n<ul>\n<li>\u00c9limine les cellules mortes et r\u00e9v\u00e8le une peau d&#8217;apparence rafra\u00eechie.<\/li>\n<li>R\u00e9duit l&#8217;apparence des rides et des ridules.<\/li>\n<li>Unifie le teint et rend la peau radieuse.<\/li>\n<\/ul>\n","protected":false},"featured_media":22265,"comment_status":"open","ping_status":"closed","template":"","meta":[],"product_brand":[],"product_cat":[217],"product_tag":[],"class_list":{"0":"post-22240","1":"product","2":"type-product","3":"status-publish","4":"has-post-thumbnail","6":"product_cat-renouvellement-de-la-peau","8":"first","9":"instock","10":"shipping-taxable","11":"purchasable","12":"product-type-simple"},"_links":{"self":[{"href":"https:\/\/www.faceplacesalon.ca\/fr\/wp-json\/wp\/v2\/product\/22240","targetHints":{"allow":["GET"]}}],"collection":[{"href":"https:\/\/www.faceplacesalon.ca\/fr\/wp-json\/wp\/v2\/product"}],"about":[{"href":"https:\/\/www.faceplacesalon.ca\/fr\/wp-json\/wp\/v2\/types\/product"}],"replies":[{"embeddable":true,"href":"https:\/\/www.faceplacesalon.ca\/fr\/wp-json\/wp\/v2\/comments?post=22240"}],"version-history":[{"count":0,"href":"https:\/\/www.faceplacesalon.ca\/fr\/wp-json\/wp\/v2\/product\/22240\/revisions"}],"wp:featuredmedia":[{"embeddable":true,"href":"https:\/\/www.faceplacesalon.ca\/fr\/wp-json\/wp\/v2\/media\/22265"}],"wp:attachment":[{"href":"https:\/\/www.faceplacesalon.ca\/fr\/wp-json\/wp\/v2\/media?parent=22240"}],"wp:term":[{"taxonomy":"product_brand","embeddable":true,"href":"https:\/\/www.faceplacesalon.ca\/fr\/wp-json\/wp\/v2\/product_brand?post=22240"},{"taxonomy":"product_cat","embeddable":true,"href":"https:\/\/www.faceplacesalon.ca\/fr\/wp-json\/wp\/v2\/product_cat?post=22240"},{"taxonomy":"product_tag","embeddable":true,"href":"https:\/\/www.faceplacesalon.ca\/fr\/wp-json\/wp\/v2\/product_tag?post=22240"}],"curies":[{"name":"wp","href":"https:\/\/api.w.org\/{rel}","templated":true}]}}