{"id":22210,"date":"2024-05-06T21:00:47","date_gmt":"2024-05-06T21:00:47","guid":{"rendered":"https:\/\/faceplacesalon.ca\/fr\/?post_type=product&#038;p=22210"},"modified":"2024-05-16T21:19:06","modified_gmt":"2024-05-16T21:19:06","slug":"gel-puracne","status":"publish","type":"product","link":"https:\/\/www.faceplacesalon.ca\/fr\/produit\/gel-puracne\/","title":{"rendered":"Gel Puracne"},"content":{"rendered":"","protected":false},"excerpt":{"rendered":"<p>Ce gel \u00e0 la texture fluide offre une solution efficace pour une peau pure et sans imperfections. Compos\u00e9 de 2% d&#8217;acide salicylique, de niacinamide et d&#8217;un complexe anti-acn\u00e9, il r\u00e9gule la production de s\u00e9bum sans dess\u00e9cher la peau.<\/p>\n<ul>\n<li>Aide \u00e0 r\u00e9duire et \u00e0 pr\u00e9venir les points noirs et les boutons d&#8217;acn\u00e9.<\/li>\n<li>Nettoie, d\u00e9sengorge la peau et affine visiblement son grain pour un teint \u00e9clatant.<\/li>\n<li>Am\u00e9liore l&#8217;apparence des pores dilat\u00e9s, r\u00e9duit l&#8217;apparence des rougeurs.<\/li>\n<\/ul>\n","protected":false},"featured_media":22211,"comment_status":"open","ping_status":"closed","template":"","meta":[],"product_brand":[],"product_cat":[214],"product_tag":[],"class_list":{"0":"post-22210","1":"product","2":"type-product","3":"status-publish","4":"has-post-thumbnail","6":"product_cat-gels","8":"first","9":"instock","10":"shipping-taxable","11":"purchasable","12":"product-type-simple"},"_links":{"self":[{"href":"https:\/\/www.faceplacesalon.ca\/fr\/wp-json\/wp\/v2\/product\/22210","targetHints":{"allow":["GET"]}}],"collection":[{"href":"https:\/\/www.faceplacesalon.ca\/fr\/wp-json\/wp\/v2\/product"}],"about":[{"href":"https:\/\/www.faceplacesalon.ca\/fr\/wp-json\/wp\/v2\/types\/product"}],"replies":[{"embeddable":true,"href":"https:\/\/www.faceplacesalon.ca\/fr\/wp-json\/wp\/v2\/comments?post=22210"}],"version-history":[{"count":0,"href":"https:\/\/www.faceplacesalon.ca\/fr\/wp-json\/wp\/v2\/product\/22210\/revisions"}],"wp:featuredmedia":[{"embeddable":true,"href":"https:\/\/www.faceplacesalon.ca\/fr\/wp-json\/wp\/v2\/media\/22211"}],"wp:attachment":[{"href":"https:\/\/www.faceplacesalon.ca\/fr\/wp-json\/wp\/v2\/media?parent=22210"}],"wp:term":[{"taxonomy":"product_brand","embeddable":true,"href":"https:\/\/www.faceplacesalon.ca\/fr\/wp-json\/wp\/v2\/product_brand?post=22210"},{"taxonomy":"product_cat","embeddable":true,"href":"https:\/\/www.faceplacesalon.ca\/fr\/wp-json\/wp\/v2\/product_cat?post=22210"},{"taxonomy":"product_tag","embeddable":true,"href":"https:\/\/www.faceplacesalon.ca\/fr\/wp-json\/wp\/v2\/product_tag?post=22210"}],"curies":[{"name":"wp","href":"https:\/\/api.w.org\/{rel}","templated":true}]}}