{"id":22207,"date":"2024-05-06T20:56:27","date_gmt":"2024-05-06T20:56:27","guid":{"rendered":"https:\/\/faceplacesalon.ca\/fr\/?post_type=product&#038;p=22207"},"modified":"2024-05-16T21:19:13","modified_gmt":"2024-05-16T21:19:13","slug":"gel-rosa-sea","status":"publish","type":"product","link":"https:\/\/www.faceplacesalon.ca\/fr\/produit\/gel-rosa-sea\/","title":{"rendered":"Gel Rosa Sea"},"content":{"rendered":"","protected":false},"excerpt":{"rendered":"<p>Ce gel unique, formul\u00e9 avec du t\u00e9trapeptide-14, du Camellia Sinensis, du rooibos et du miel, est le parfait alli\u00e9 pour les peaux sensibles pr\u00e9sentant des rougeurs.<\/p>\n<ul>\n<li>Am\u00e9liore l&#8217;uniformit\u00e9 du teint.<\/li>\n<li>Hydrate et prot\u00e8ge contre les facteurs de stress environnementaux.<\/li>\n<li>R\u00e9duit significativement les rougeurs dues \u00e0 la s\u00e9cheresse.<\/li>\n<li>Restaure le confort de la peau.<\/li>\n<\/ul>\n","protected":false},"featured_media":22208,"comment_status":"open","ping_status":"closed","template":"","meta":[],"product_brand":[],"product_cat":[214],"product_tag":[],"class_list":{"0":"post-22207","1":"product","2":"type-product","3":"status-publish","4":"has-post-thumbnail","6":"product_cat-gels","8":"first","9":"instock","10":"shipping-taxable","11":"purchasable","12":"product-type-simple"},"_links":{"self":[{"href":"https:\/\/www.faceplacesalon.ca\/fr\/wp-json\/wp\/v2\/product\/22207","targetHints":{"allow":["GET"]}}],"collection":[{"href":"https:\/\/www.faceplacesalon.ca\/fr\/wp-json\/wp\/v2\/product"}],"about":[{"href":"https:\/\/www.faceplacesalon.ca\/fr\/wp-json\/wp\/v2\/types\/product"}],"replies":[{"embeddable":true,"href":"https:\/\/www.faceplacesalon.ca\/fr\/wp-json\/wp\/v2\/comments?post=22207"}],"version-history":[{"count":0,"href":"https:\/\/www.faceplacesalon.ca\/fr\/wp-json\/wp\/v2\/product\/22207\/revisions"}],"wp:featuredmedia":[{"embeddable":true,"href":"https:\/\/www.faceplacesalon.ca\/fr\/wp-json\/wp\/v2\/media\/22208"}],"wp:attachment":[{"href":"https:\/\/www.faceplacesalon.ca\/fr\/wp-json\/wp\/v2\/media?parent=22207"}],"wp:term":[{"taxonomy":"product_brand","embeddable":true,"href":"https:\/\/www.faceplacesalon.ca\/fr\/wp-json\/wp\/v2\/product_brand?post=22207"},{"taxonomy":"product_cat","embeddable":true,"href":"https:\/\/www.faceplacesalon.ca\/fr\/wp-json\/wp\/v2\/product_cat?post=22207"},{"taxonomy":"product_tag","embeddable":true,"href":"https:\/\/www.faceplacesalon.ca\/fr\/wp-json\/wp\/v2\/product_tag?post=22207"}],"curies":[{"name":"wp","href":"https:\/\/api.w.org\/{rel}","templated":true}]}}