{"id":22201,"date":"2024-05-06T20:49:12","date_gmt":"2024-05-06T20:49:12","guid":{"rendered":"https:\/\/faceplacesalon.ca\/fr\/?post_type=product&#038;p=22201"},"modified":"2024-05-16T21:19:33","modified_gmt":"2024-05-16T21:19:33","slug":"creme-puractive","status":"publish","type":"product","link":"https:\/\/www.faceplacesalon.ca\/fr\/produit\/creme-puractive\/","title":{"rendered":"Cr\u00e8me Puractive+"},"content":{"rendered":"","protected":false},"excerpt":{"rendered":"<p>Formul\u00e9e avec des peptides antimicrobiens, cette \u00e9mulsion l\u00e9g\u00e8re et non grasse est id\u00e9ale pour la peau normale \u00e0 grasse.<\/p>\n<ul>\n<li>Hydrate la peau tout en aidant \u00e0 r\u00e9duire l&#8217;exc\u00e8s de s\u00e9bum.<\/li>\n<li>Matifie la peau toute la journ\u00e9e et resserre les pores dilat\u00e9s.<\/li>\n<li>Redonne de l&#8217;\u00e9clat au teint et affine le grain de peau.<\/li>\n<\/ul>\n","protected":false},"featured_media":22202,"comment_status":"open","ping_status":"closed","template":"","meta":[],"product_brand":[],"product_cat":[213],"product_tag":[],"class_list":{"0":"post-22201","1":"product","2":"type-product","3":"status-publish","4":"has-post-thumbnail","6":"product_cat-cremes","8":"first","9":"instock","10":"shipping-taxable","11":"purchasable","12":"product-type-simple"},"_links":{"self":[{"href":"https:\/\/www.faceplacesalon.ca\/fr\/wp-json\/wp\/v2\/product\/22201","targetHints":{"allow":["GET"]}}],"collection":[{"href":"https:\/\/www.faceplacesalon.ca\/fr\/wp-json\/wp\/v2\/product"}],"about":[{"href":"https:\/\/www.faceplacesalon.ca\/fr\/wp-json\/wp\/v2\/types\/product"}],"replies":[{"embeddable":true,"href":"https:\/\/www.faceplacesalon.ca\/fr\/wp-json\/wp\/v2\/comments?post=22201"}],"version-history":[{"count":0,"href":"https:\/\/www.faceplacesalon.ca\/fr\/wp-json\/wp\/v2\/product\/22201\/revisions"}],"wp:featuredmedia":[{"embeddable":true,"href":"https:\/\/www.faceplacesalon.ca\/fr\/wp-json\/wp\/v2\/media\/22202"}],"wp:attachment":[{"href":"https:\/\/www.faceplacesalon.ca\/fr\/wp-json\/wp\/v2\/media?parent=22201"}],"wp:term":[{"taxonomy":"product_brand","embeddable":true,"href":"https:\/\/www.faceplacesalon.ca\/fr\/wp-json\/wp\/v2\/product_brand?post=22201"},{"taxonomy":"product_cat","embeddable":true,"href":"https:\/\/www.faceplacesalon.ca\/fr\/wp-json\/wp\/v2\/product_cat?post=22201"},{"taxonomy":"product_tag","embeddable":true,"href":"https:\/\/www.faceplacesalon.ca\/fr\/wp-json\/wp\/v2\/product_tag?post=22201"}],"curies":[{"name":"wp","href":"https:\/\/api.w.org\/{rel}","templated":true}]}}