{"id":22183,"date":"2024-05-06T20:22:59","date_gmt":"2024-05-06T20:22:59","guid":{"rendered":"https:\/\/faceplacesalon.ca\/fr\/?post_type=product&#038;p=22183"},"modified":"2024-05-16T21:20:17","modified_gmt":"2024-05-16T21:20:17","slug":"masque-charbon","status":"publish","type":"product","link":"https:\/\/www.faceplacesalon.ca\/fr\/produit\/masque-charbon\/","title":{"rendered":"Masque Charbon"},"content":{"rendered":"","protected":false},"excerpt":{"rendered":"<p>Formul\u00e9 \u00e0 partir de charbon de bambou activ\u00e9, ce masque d&#8217;argile vivifiant offre un soin antipollution \u00e0 la peau.<\/p>\n<ul>\n<li>Capture et \u00e9limine les micropolluants.<\/li>\n<li>Revitalise et am\u00e9liore l&#8217;aspect de la peau.<\/li>\n<li>Purifie et am\u00e9liore la texture de la peau.<\/li>\n<li>Unifie le teint de la peau.<\/li>\n<\/ul>\n","protected":false},"featured_media":22184,"comment_status":"open","ping_status":"closed","template":"","meta":[],"product_brand":[],"product_cat":[211],"product_tag":[],"class_list":{"0":"post-22183","1":"product","2":"type-product","3":"status-publish","4":"has-post-thumbnail","6":"product_cat-masques","8":"first","9":"instock","10":"shipping-taxable","11":"purchasable","12":"product-type-simple"},"_links":{"self":[{"href":"https:\/\/www.faceplacesalon.ca\/fr\/wp-json\/wp\/v2\/product\/22183","targetHints":{"allow":["GET"]}}],"collection":[{"href":"https:\/\/www.faceplacesalon.ca\/fr\/wp-json\/wp\/v2\/product"}],"about":[{"href":"https:\/\/www.faceplacesalon.ca\/fr\/wp-json\/wp\/v2\/types\/product"}],"replies":[{"embeddable":true,"href":"https:\/\/www.faceplacesalon.ca\/fr\/wp-json\/wp\/v2\/comments?post=22183"}],"version-history":[{"count":0,"href":"https:\/\/www.faceplacesalon.ca\/fr\/wp-json\/wp\/v2\/product\/22183\/revisions"}],"wp:featuredmedia":[{"embeddable":true,"href":"https:\/\/www.faceplacesalon.ca\/fr\/wp-json\/wp\/v2\/media\/22184"}],"wp:attachment":[{"href":"https:\/\/www.faceplacesalon.ca\/fr\/wp-json\/wp\/v2\/media?parent=22183"}],"wp:term":[{"taxonomy":"product_brand","embeddable":true,"href":"https:\/\/www.faceplacesalon.ca\/fr\/wp-json\/wp\/v2\/product_brand?post=22183"},{"taxonomy":"product_cat","embeddable":true,"href":"https:\/\/www.faceplacesalon.ca\/fr\/wp-json\/wp\/v2\/product_cat?post=22183"},{"taxonomy":"product_tag","embeddable":true,"href":"https:\/\/www.faceplacesalon.ca\/fr\/wp-json\/wp\/v2\/product_tag?post=22183"}],"curies":[{"name":"wp","href":"https:\/\/api.w.org\/{rel}","templated":true}]}}