{"id":22174,"date":"2024-05-06T19:01:02","date_gmt":"2024-05-06T19:01:02","guid":{"rendered":"https:\/\/faceplacesalon.ca\/fr\/?post_type=product&#038;p=22174"},"modified":"2024-05-16T21:20:41","modified_gmt":"2024-05-16T21:20:41","slug":"masque-glow","status":"publish","type":"product","link":"https:\/\/www.faceplacesalon.ca\/fr\/produit\/masque-glow\/","title":{"rendered":"Masque Glow"},"content":{"rendered":"","protected":false},"excerpt":{"rendered":"<p>Formul\u00e9 avec de l&#8217;extrait de camu camu et un cocktail de vitamines, ce masque d\u00e9licieusement cr\u00e9meux apporte \u00e0 la peau une infusion de vitamines A, C, B3, B5 et E.<\/p>\n<ul>\n<li>Ravive les peaux fatigu\u00e9es.<\/li>\n<li>Donne \u00e0 la peau un \u00e9clat radieux.<\/li>\n<li>Hydrate et nourrit la peau.<\/li>\n<li>R\u00e9duit l&#8217;apparence des rougeurs.<\/li>\n<\/ul>\n","protected":false},"featured_media":22175,"comment_status":"open","ping_status":"closed","template":"","meta":[],"product_brand":[],"product_cat":[211],"product_tag":[],"class_list":{"0":"post-22174","1":"product","2":"type-product","3":"status-publish","4":"has-post-thumbnail","6":"product_cat-masques","8":"first","9":"instock","10":"shipping-taxable","11":"purchasable","12":"product-type-simple"},"_links":{"self":[{"href":"https:\/\/www.faceplacesalon.ca\/fr\/wp-json\/wp\/v2\/product\/22174","targetHints":{"allow":["GET"]}}],"collection":[{"href":"https:\/\/www.faceplacesalon.ca\/fr\/wp-json\/wp\/v2\/product"}],"about":[{"href":"https:\/\/www.faceplacesalon.ca\/fr\/wp-json\/wp\/v2\/types\/product"}],"replies":[{"embeddable":true,"href":"https:\/\/www.faceplacesalon.ca\/fr\/wp-json\/wp\/v2\/comments?post=22174"}],"version-history":[{"count":0,"href":"https:\/\/www.faceplacesalon.ca\/fr\/wp-json\/wp\/v2\/product\/22174\/revisions"}],"wp:featuredmedia":[{"embeddable":true,"href":"https:\/\/www.faceplacesalon.ca\/fr\/wp-json\/wp\/v2\/media\/22175"}],"wp:attachment":[{"href":"https:\/\/www.faceplacesalon.ca\/fr\/wp-json\/wp\/v2\/media?parent=22174"}],"wp:term":[{"taxonomy":"product_brand","embeddable":true,"href":"https:\/\/www.faceplacesalon.ca\/fr\/wp-json\/wp\/v2\/product_brand?post=22174"},{"taxonomy":"product_cat","embeddable":true,"href":"https:\/\/www.faceplacesalon.ca\/fr\/wp-json\/wp\/v2\/product_cat?post=22174"},{"taxonomy":"product_tag","embeddable":true,"href":"https:\/\/www.faceplacesalon.ca\/fr\/wp-json\/wp\/v2\/product_tag?post=22174"}],"curies":[{"name":"wp","href":"https:\/\/api.w.org\/{rel}","templated":true}]}}