{"id":22152,"date":"2024-05-06T18:21:43","date_gmt":"2024-05-06T18:21:43","guid":{"rendered":"https:\/\/faceplacesalon.ca\/fr\/?post_type=product&#038;p=22152"},"modified":"2024-05-16T21:21:04","modified_gmt":"2024-05-16T21:21:04","slug":"gel-intensif-exfoliant","status":"publish","type":"product","link":"https:\/\/www.faceplacesalon.ca\/fr\/produit\/gel-intensif-exfoliant\/","title":{"rendered":"Gel Intensif Exfoliant"},"content":{"rendered":"","protected":false},"excerpt":{"rendered":"<p>Ce gel exfoliant innovant et performant \u00e0 double action est enrichi d&#8217;oligo\u00e9l\u00e9ments et d&#8217;enzymes naturelles aux propri\u00e9t\u00e9s tonifiantes qui laissent la peau lisse, fra\u00eeche et \u00e9clatante.<\/p>\n<ul>\n<li>Lib\u00e8re la peau des cellules mortes et des impuret\u00e9s.<\/li>\n<li>La peau para\u00eet plus ferme.<\/li>\n<li>Unifie visiblement le teint de la peau tout en r\u00e9duisant l&#8217;apparence des pores.<\/li>\n<li>\u2060Pour tous types de peau<\/li>\n<li>Appliquer 5 \u00e0 10 mins sans masser pour un effet tenseur.<\/li>\n<\/ul>\n","protected":false},"featured_media":22153,"comment_status":"open","ping_status":"closed","template":"","meta":[],"product_brand":[],"product_cat":[208],"product_tag":[],"class_list":{"0":"post-22152","1":"product","2":"type-product","3":"status-publish","4":"has-post-thumbnail","6":"product_cat-exfoliants","8":"first","9":"instock","10":"shipping-taxable","11":"purchasable","12":"product-type-simple"},"_links":{"self":[{"href":"https:\/\/www.faceplacesalon.ca\/fr\/wp-json\/wp\/v2\/product\/22152","targetHints":{"allow":["GET"]}}],"collection":[{"href":"https:\/\/www.faceplacesalon.ca\/fr\/wp-json\/wp\/v2\/product"}],"about":[{"href":"https:\/\/www.faceplacesalon.ca\/fr\/wp-json\/wp\/v2\/types\/product"}],"replies":[{"embeddable":true,"href":"https:\/\/www.faceplacesalon.ca\/fr\/wp-json\/wp\/v2\/comments?post=22152"}],"version-history":[{"count":0,"href":"https:\/\/www.faceplacesalon.ca\/fr\/wp-json\/wp\/v2\/product\/22152\/revisions"}],"wp:featuredmedia":[{"embeddable":true,"href":"https:\/\/www.faceplacesalon.ca\/fr\/wp-json\/wp\/v2\/media\/22153"}],"wp:attachment":[{"href":"https:\/\/www.faceplacesalon.ca\/fr\/wp-json\/wp\/v2\/media?parent=22152"}],"wp:term":[{"taxonomy":"product_brand","embeddable":true,"href":"https:\/\/www.faceplacesalon.ca\/fr\/wp-json\/wp\/v2\/product_brand?post=22152"},{"taxonomy":"product_cat","embeddable":true,"href":"https:\/\/www.faceplacesalon.ca\/fr\/wp-json\/wp\/v2\/product_cat?post=22152"},{"taxonomy":"product_tag","embeddable":true,"href":"https:\/\/www.faceplacesalon.ca\/fr\/wp-json\/wp\/v2\/product_tag?post=22152"}],"curies":[{"name":"wp","href":"https:\/\/api.w.org\/{rel}","templated":true}]}}