{"id":22140,"date":"2024-05-06T18:02:19","date_gmt":"2024-05-06T18:02:19","guid":{"rendered":"https:\/\/faceplacesalon.ca\/fr\/?post_type=product&#038;p=22140"},"modified":"2024-05-16T21:21:27","modified_gmt":"2024-05-16T21:21:27","slug":"sensiderm-lait-nettoyant","status":"publish","type":"product","link":"https:\/\/www.faceplacesalon.ca\/fr\/produit\/sensiderm-lait-nettoyant\/","title":{"rendered":"Sensiderm Lait Nettoyant"},"content":{"rendered":"","protected":false},"excerpt":{"rendered":"<p>Con\u00e7u pour offrir un nettoyage efficace et un confort \u00e0 la peau sensible. Cette \u00e9mulsion sans parfum \u00e0 la texture velout\u00e9e, extr\u00eamement r\u00e9confortante, est formul\u00e9e avec de l&#8217;huile d&#8217;argan, de l&#8217;alo\u00e8s et de l&#8217;allanto\u00efne.<\/p>\n<ul>\n<li>Dissout en douceur les r\u00e9sidus de maquillage, le s\u00e9bum et les impuret\u00e9s.<\/li>\n<li>Nettoie et rafra\u00eechit la peau, la laissant souple et apais\u00e9e.<\/li>\n<li>Soulage la peau sensible et ab\u00eem\u00e9e par la d\u00e9shydratation.<\/li>\n<\/ul>\n","protected":false},"featured_media":22141,"comment_status":"open","ping_status":"closed","template":"","meta":[],"product_brand":[],"product_cat":[207],"product_tag":[],"class_list":{"0":"post-22140","1":"product","2":"type-product","3":"status-publish","4":"has-post-thumbnail","6":"product_cat-nettoyants","8":"first","9":"instock","10":"shipping-taxable","11":"purchasable","12":"product-type-simple"},"_links":{"self":[{"href":"https:\/\/www.faceplacesalon.ca\/fr\/wp-json\/wp\/v2\/product\/22140","targetHints":{"allow":["GET"]}}],"collection":[{"href":"https:\/\/www.faceplacesalon.ca\/fr\/wp-json\/wp\/v2\/product"}],"about":[{"href":"https:\/\/www.faceplacesalon.ca\/fr\/wp-json\/wp\/v2\/types\/product"}],"replies":[{"embeddable":true,"href":"https:\/\/www.faceplacesalon.ca\/fr\/wp-json\/wp\/v2\/comments?post=22140"}],"version-history":[{"count":0,"href":"https:\/\/www.faceplacesalon.ca\/fr\/wp-json\/wp\/v2\/product\/22140\/revisions"}],"wp:featuredmedia":[{"embeddable":true,"href":"https:\/\/www.faceplacesalon.ca\/fr\/wp-json\/wp\/v2\/media\/22141"}],"wp:attachment":[{"href":"https:\/\/www.faceplacesalon.ca\/fr\/wp-json\/wp\/v2\/media?parent=22140"}],"wp:term":[{"taxonomy":"product_brand","embeddable":true,"href":"https:\/\/www.faceplacesalon.ca\/fr\/wp-json\/wp\/v2\/product_brand?post=22140"},{"taxonomy":"product_cat","embeddable":true,"href":"https:\/\/www.faceplacesalon.ca\/fr\/wp-json\/wp\/v2\/product_cat?post=22140"},{"taxonomy":"product_tag","embeddable":true,"href":"https:\/\/www.faceplacesalon.ca\/fr\/wp-json\/wp\/v2\/product_tag?post=22140"}],"curies":[{"name":"wp","href":"https:\/\/api.w.org\/{rel}","templated":true}]}}