{"id":20022,"date":"2024-04-09T20:15:50","date_gmt":"2024-04-09T20:15:50","guid":{"rendered":"https:\/\/faceplacesalon.ca\/fr\/?page_id=20022"},"modified":"2024-05-24T16:20:42","modified_gmt":"2024-05-24T16:20:42","slug":"peeling-aux-algues","status":"publish","type":"page","link":"https:\/\/www.faceplacesalon.ca\/fr\/peeling-aux-algues\/","title":{"rendered":"Peeling aux algues"},"content":{"rendered":"\t\t<div data-elementor-type=\"wp-page\" data-elementor-id=\"20022\" class=\"elementor elementor-20022\" data-elementor-post-type=\"page\">\n\t\t\t\t\t\t<section class=\"elementor-section elementor-top-section elementor-element elementor-element-756aa9bc elementor-section-stretched elementor-section-boxed elementor-section-height-default elementor-section-height-default sc_fly_static\" data-id=\"756aa9bc\" data-element_type=\"section\" data-settings=\"{&quot;stretch_section&quot;:&quot;section-stretched&quot;}\">\n\t\t\t\t\t\t<div class=\"elementor-container elementor-column-gap-extended\">\n\t\t\t\t\t<div class=\"elementor-column elementor-col-50 elementor-top-column elementor-element elementor-element-64cead78 sc_inner_width_none sc_content_align_inherit sc_layouts_column_icons_position_left sc_fly_static\" data-id=\"64cead78\" data-element_type=\"column\">\n\t\t\t<div class=\"elementor-widget-wrap elementor-element-populated\">\n\t\t\t\t\t\t<div class=\"elementor-element elementor-element-2987019 sc_fly_static elementor-widget elementor-widget-heading\" data-id=\"2987019\" data-element_type=\"widget\" data-widget_type=\"heading.default\">\n\t\t\t\t<div class=\"elementor-widget-container\">\n\t\t\t\t\t<h2 class=\"elementor-heading-title elementor-size-default\">Notre service\n<\/h2>\t\t\t\t<\/div>\n\t\t\t\t<\/div>\n\t\t\t\t<div class=\"elementor-element elementor-element-4a9591f sc_fly_static elementor-widget elementor-widget-heading\" data-id=\"4a9591f\" data-element_type=\"widget\" data-widget_type=\"heading.default\">\n\t\t\t\t<div class=\"elementor-widget-container\">\n\t\t\t\t\t<h2 class=\"elementor-heading-title elementor-size-default\">Peeling aux algues<span style=\"color:#8f635c;font-family:poppine\"> -- \n 150$<\/span><\/h2>\t\t\t\t<\/div>\n\t\t\t\t<\/div>\n\t\t\t\t<div class=\"elementor-element elementor-element-4db766a sc_fly_static elementor-widget elementor-widget-text-editor\" data-id=\"4db766a\" data-element_type=\"widget\" data-widget_type=\"text-editor.default\">\n\t\t\t\t<div class=\"elementor-widget-container\">\n\t\t\t\t\t\t\t\t\t<p>Le peeling Zena est un traitement naturel extr\u00eame con\u00e7u pour \u00e9liminer les couches sup\u00e9rieures de l&#8217;\u00e9piderme, r\u00e9v\u00e9lant ainsi un teint plus lumineux et r\u00e9duisant efficacement l\u2019hyperpigmentation, le melasma, les cicatrices, la production de s\u00e9bum, les rides et l\u2019acn\u00e9. Il peut \u00eatre r\u00e9alis\u00e9 sur le visage ou sur n\u2019importe quelle autre partie du corps. Son action stimule \u00e9galement la production de collag\u00e8ne et d\u2019acide hyaluronique, rempla\u00e7ant ainsi les cellules \u00e9limin\u00e9es par de nouvelles, fra\u00eeches, pour un visage visiblement clarifi\u00e9 et rajeuni ! Le cristal d\u2019algue reste \u00e0 l\u2019int\u00e9rieur de votre couche \u00e9pidermique pendant 24 \u00e0 48 heures avant de se dissoudre.<\/p>\t\t\t\t\t\t\t\t<\/div>\n\t\t\t\t<\/div>\n\t\t\t\t<div class=\"elementor-element elementor-element-598de239 elementor-align-left elementor-widget__width-auto sc_fly_static elementor-widget elementor-widget-button\" data-id=\"598de239\" data-element_type=\"widget\" data-widget_type=\"button.default\">\n\t\t\t\t<div class=\"elementor-widget-container\">\n\t\t\t\t\t\t\t\t\t<div class=\"elementor-button-wrapper\">\n\t\t\t\t\t<a class=\"elementor-button elementor-button-link elementor-size-sm elementor-animation-bob\" href=\"https:\/\/faceplacesalon.ca\/fr\/online-booking\/?service=Peeling%20aux%20algues|150\">\n\t\t\t\t\t\t<span class=\"elementor-button-content-wrapper\">\n\t\t\t\t\t\t\t\t\t<span class=\"elementor-button-text\">R\u00e9servez maintenant<\/span>\n\t\t\t\t\t<\/span>\n\t\t\t\t\t<\/a>\n\t\t\t\t<\/div>\n\t\t\t\t\t\t\t\t<\/div>\n\t\t\t\t<\/div>\n\t\t\t\t<div class=\"elementor-element elementor-element-5e071d13 elementor-align-left elementor-widget__width-auto sc_fly_static elementor-widget elementor-widget-button\" data-id=\"5e071d13\" data-element_type=\"widget\" data-widget_type=\"button.default\">\n\t\t\t\t<div class=\"elementor-widget-container\">\n\t\t\t\t\t\t\t\t\t<div class=\"elementor-button-wrapper\">\n\t\t\t\t\t<a class=\"elementor-button elementor-button-link elementor-size-sm elementor-animation-bob\" href=\"https:\/\/faceplacesalon.ca\/fr\/services\/peeling-aux-algues\/\">\n\t\t\t\t\t\t<span class=\"elementor-button-content-wrapper\">\n\t\t\t\t\t\t\t\t\t<span class=\"elementor-button-text\">En savoir plus<\/span>\n\t\t\t\t\t<\/span>\n\t\t\t\t\t<\/a>\n\t\t\t\t<\/div>\n\t\t\t\t\t\t\t\t<\/div>\n\t\t\t\t<\/div>\n\t\t\t\t\t<\/div>\n\t\t<\/div>\n\t\t\t\t<div class=\"elementor-column elementor-col-50 elementor-top-column elementor-element elementor-element-7494615c sc_inner_width_none sc_content_align_inherit sc_layouts_column_icons_position_left sc_fly_static\" data-id=\"7494615c\" data-element_type=\"column\">\n\t\t\t<div class=\"elementor-widget-wrap elementor-element-populated\">\n\t\t\t\t\t\t<div class=\"elementor-element elementor-element-d49c299 sc_fly_static elementor-widget elementor-widget-image\" data-id=\"d49c299\" data-element_type=\"widget\" data-widget_type=\"image.default\">\n\t\t\t\t<div class=\"elementor-widget-container\">\n\t\t\t\t\t\t\t\t\t\t\t\t\t\t\t<img fetchpriority=\"high\" decoding=\"async\" width=\"1024\" height=\"656\" src=\"https:\/\/www.faceplacesalon.ca\/fr\/wp-content\/uploads\/2024\/04\/917288.jpg\" class=\"attachment-large size-large wp-image-21097\" alt=\"\" \/>\t\t\t\t\t\t\t\t\t\t\t\t\t\t\t<\/div>\n\t\t\t\t<\/div>\n\t\t\t\t\t<\/div>\n\t\t<\/div>\n\t\t\t\t\t<\/div>\n\t\t<\/section>\n\t\t\t\t<\/div>\n\t\t","protected":false},"excerpt":{"rendered":"<p>Notre service Peeling aux algues &#8212; 150$ Le peeling Zena est un traitement naturel extr\u00eame con\u00e7u pour \u00e9liminer les couches sup\u00e9rieures de l&#8217;\u00e9piderme, r\u00e9v\u00e9lant ainsi un teint plus lumineux et&hellip;<\/p>\n","protected":false},"author":1,"featured_media":0,"parent":0,"menu_order":0,"comment_status":"closed","ping_status":"closed","template":"","meta":{"footnotes":""},"class_list":["post-20022","page","type-page","status-publish","hentry"],"_links":{"self":[{"href":"https:\/\/www.faceplacesalon.ca\/fr\/wp-json\/wp\/v2\/pages\/20022","targetHints":{"allow":["GET"]}}],"collection":[{"href":"https:\/\/www.faceplacesalon.ca\/fr\/wp-json\/wp\/v2\/pages"}],"about":[{"href":"https:\/\/www.faceplacesalon.ca\/fr\/wp-json\/wp\/v2\/types\/page"}],"author":[{"embeddable":true,"href":"https:\/\/www.faceplacesalon.ca\/fr\/wp-json\/wp\/v2\/users\/1"}],"replies":[{"embeddable":true,"href":"https:\/\/www.faceplacesalon.ca\/fr\/wp-json\/wp\/v2\/comments?post=20022"}],"version-history":[{"count":0,"href":"https:\/\/www.faceplacesalon.ca\/fr\/wp-json\/wp\/v2\/pages\/20022\/revisions"}],"wp:attachment":[{"href":"https:\/\/www.faceplacesalon.ca\/fr\/wp-json\/wp\/v2\/media?parent=20022"}],"curies":[{"name":"wp","href":"https:\/\/api.w.org\/{rel}","templated":true}]}}